{"id":54,"date":"2023-04-13T18:08:05","date_gmt":"2023-04-13T16:08:05","guid":{"rendered":"https:\/\/www.lannia-interiors.com\/?page_id=54"},"modified":"2026-02-20T17:20:08","modified_gmt":"2026-02-20T16:20:08","slug":"esencia","status":"publish","type":"page","link":"https:\/\/www.lannia-interiors.com\/ca\/esencia\/","title":{"rendered":"ESS\u00c8NCIA"},"content":{"rendered":"\t\t<div data-elementor-type=\"wp-page\" data-elementor-id=\"54\" class=\"elementor elementor-54\" data-elementor-post-type=\"page\">\n\t\t\t\t<div class=\"elementor-element elementor-element-f07de56 e-flex e-con-boxed e-con e-parent\" data-id=\"f07de56\" data-element_type=\"container\" data-e-type=\"container\" data-settings=\"{&quot;background_background&quot;:&quot;slideshow&quot;,&quot;background_slideshow_gallery&quot;:[{&quot;id&quot;:4541,&quot;url&quot;:&quot;https:\\\/\\\/www.lannia-interiors.com\\\/wp-content\\\/uploads\\\/2024\\\/07\\\/POL0759-House-21094-NordEst-Arquitectura-Olot-Spain-Filippo-Poli-scaled.jpg&quot;},{&quot;id&quot;:4682,&quot;url&quot;:&quot;https:\\\/\\\/www.lannia-interiors.com\\\/wp-content\\\/uploads\\\/2026\\\/02\\\/POL0782-House-21094-NordEst-Arquitectura-Olot-Spain-Filippo-Poli.jpg&quot;}],&quot;background_slideshow_slide_duration&quot;:3000,&quot;background_slideshow_ken_burns&quot;:&quot;yes&quot;,&quot;background_slideshow_loop&quot;:&quot;yes&quot;,&quot;background_slideshow_slide_transition&quot;:&quot;fade&quot;,&quot;background_slideshow_transition_duration&quot;:500,&quot;background_slideshow_ken_burns_zoom_direction&quot;:&quot;in&quot;}\">\n\t\t\t\t\t<div class=\"e-con-inner\">\n\t\t\t\t<div class=\"elementor-element elementor-element-21b6161 elementor-widget elementor-widget-spacer\" data-id=\"21b6161\" data-element_type=\"widget\" data-e-type=\"widget\" data-widget_type=\"spacer.default\">\n\t\t\t\t<div class=\"elementor-widget-container\">\n\t\t\t\t\t\t\t<div class=\"elementor-spacer\">\n\t\t\t<div class=\"elementor-spacer-inner\"><\/div>\n\t\t<\/div>\n\t\t\t\t\t\t<\/div>\n\t\t\t\t<\/div>\n\t\t\t\t\t<\/div>\n\t\t\t\t<\/div>\n\t\t<div class=\"elementor-element elementor-element-497a589 e-con-full animated-slow e-flex elementor-invisible e-con e-parent\" data-id=\"497a589\" data-element_type=\"container\" data-e-type=\"container\" data-settings=\"{&quot;animation&quot;:&quot;fadeIn&quot;}\">\n\t\t<div class=\"elementor-element elementor-element-7e04cb1 e-con-full e-flex e-con e-child\" data-id=\"7e04cb1\" data-element_type=\"container\" data-e-type=\"container\">\n\t\t\t\t<div class=\"elementor-element elementor-element-c280749 animated-slow elementor-invisible elementor-widget elementor-widget-text-editor\" data-id=\"c280749\" data-element_type=\"widget\" data-e-type=\"widget\" data-settings=\"{&quot;_animation&quot;:&quot;fadeInLeft&quot;}\" data-widget_type=\"text-editor.default\">\n\t\t\t\t<div class=\"elementor-widget-container\">\n\t\t\t\t\t\t\t\t\t<div><span style=\"letter-spacing: 0.6px;\"><br><\/span><\/div><div><span style=\"letter-spacing: 0.6px;\">Apasionados por el dise\u00f1o de interiores y la arquitectura, trabajamos con y para las personas. Nos inspira conocerlas, descubrir sus deseos y su manera de vivir los espacios.<\/span><\/div>\n<div>&nbsp;<\/div>\n<div>Entendemos que cada proyecto es \u00fanico y el cliente es una parte integral del proceso. Colaboramos estrechamente en todas las fases, desde la concepci\u00f3n inicial hasta la ejecuci\u00f3n final, asegur\u00e1ndonos de que cada decisi\u00f3n est\u00e9 alineada con los objetivos establecidos.<\/div>\n<div>&nbsp;<\/div>\n<div>Nuestro compromiso con la perfecci\u00f3n y la atenci\u00f3n al detalle nos lleva a buscar la m\u00e1xima calidad en cada proyecto. Lograr que nuestros clientes est\u00e9n plenamente satisfechos con el resultado, disfrutando de un espacio que se adapte perfectamente a sus necesidades y a su dia a dia.&nbsp;<\/div>\n<div>&nbsp;<\/div>\t\t\t\t\t\t\t\t<\/div>\n\t\t\t\t<\/div>\n\t\t\t\t<\/div>\n\t\t<div class=\"elementor-element elementor-element-da263e0 e-con-full e-flex e-con e-child\" data-id=\"da263e0\" data-element_type=\"container\" data-e-type=\"container\">\n\t\t\t\t<div class=\"elementor-element elementor-element-0edb9a7 elementor-widget elementor-widget-image\" data-id=\"0edb9a7\" data-element_type=\"widget\" data-e-type=\"widget\" data-widget_type=\"image.default\">\n\t\t\t\t<div class=\"elementor-widget-container\">\n\t\t\t\t\t\t\t\t\t\t\t\t\t\t\t<img fetchpriority=\"high\" decoding=\"async\" width=\"1754\" height=\"2453\" src=\"https:\/\/www.lannia-interiors.com\/wp-content\/uploads\/2024\/07\/POL0717-House-21094-NordEst-Arquitectura-Olot-Spain-Filippo-Poli-scaled-e1771604379625.jpg\" class=\"attachment-large size-large wp-image-4529\" alt=\"\" srcset=\"https:\/\/www.lannia-interiors.com\/wp-content\/uploads\/2024\/07\/POL0717-House-21094-NordEst-Arquitectura-Olot-Spain-Filippo-Poli-scaled-e1771604379625.jpg 1754w, https:\/\/www.lannia-interiors.com\/wp-content\/uploads\/2024\/07\/POL0717-House-21094-NordEst-Arquitectura-Olot-Spain-Filippo-Poli-scaled-e1771604379625-768x1074.jpg 768w, https:\/\/www.lannia-interiors.com\/wp-content\/uploads\/2024\/07\/POL0717-House-21094-NordEst-Arquitectura-Olot-Spain-Filippo-Poli-scaled-e1771604379625-1098x1536.jpg 1098w, https:\/\/www.lannia-interiors.com\/wp-content\/uploads\/2024\/07\/POL0717-House-21094-NordEst-Arquitectura-Olot-Spain-Filippo-Poli-scaled-e1771604379625-1464x2048.jpg 1464w, https:\/\/www.lannia-interiors.com\/wp-content\/uploads\/2024\/07\/POL0717-House-21094-NordEst-Arquitectura-Olot-Spain-Filippo-Poli-scaled-e1771604379625-9x12.jpg 9w\" sizes=\"(max-width: 1754px) 100vw, 1754px\" \/>\t\t\t\t\t\t\t\t\t\t\t\t\t\t\t<\/div>\n\t\t\t\t<\/div>\n\t\t\t\t<\/div>\n\t\t\t\t<\/div>\n\t\t\t\t<\/div>\n\t\t","protected":false},"excerpt":{"rendered":"<p>Apasionados por el dise\u00f1o de interiores y la arquitectura, trabajamos con y para las personas. Nos inspira conocerlas, descubrir sus deseos y su manera de vivir los espacios. &nbsp; Entendemos que cada proyecto es \u00fanico y el cliente es una parte integral del proceso. Colaboramos estrechamente en todas las fases, desde la concepci\u00f3n inicial hasta [&hellip;]<\/p>\n","protected":false},"author":1,"featured_media":0,"parent":0,"menu_order":0,"comment_status":"closed","ping_status":"closed","template":"elementor_header_footer","meta":{"footnotes":""},"class_list":["post-54","page","type-page","status-publish","hentry"],"_links":{"self":[{"href":"https:\/\/www.lannia-interiors.com\/ca\/wp-json\/wp\/v2\/pages\/54","targetHints":{"allow":["GET"]}}],"collection":[{"href":"https:\/\/www.lannia-interiors.com\/ca\/wp-json\/wp\/v2\/pages"}],"about":[{"href":"https:\/\/www.lannia-interiors.com\/ca\/wp-json\/wp\/v2\/types\/page"}],"author":[{"embeddable":true,"href":"https:\/\/www.lannia-interiors.com\/ca\/wp-json\/wp\/v2\/users\/1"}],"replies":[{"embeddable":true,"href":"https:\/\/www.lannia-interiors.com\/ca\/wp-json\/wp\/v2\/comments?post=54"}],"version-history":[{"count":252,"href":"https:\/\/www.lannia-interiors.com\/ca\/wp-json\/wp\/v2\/pages\/54\/revisions"}],"predecessor-version":[{"id":4776,"href":"https:\/\/www.lannia-interiors.com\/ca\/wp-json\/wp\/v2\/pages\/54\/revisions\/4776"}],"wp:attachment":[{"href":"https:\/\/www.lannia-interiors.com\/ca\/wp-json\/wp\/v2\/media?parent=54"}],"curies":[{"name":"wp","href":"https:\/\/api.w.org\/{rel}","templated":true}]}}